
{"id":3176,"date":"2019-07-01T09:47:10","date_gmt":"2019-07-01T07:47:10","guid":{"rendered":"https:\/\/www.demetravillas.com\/contacts\/"},"modified":"2021-05-19T12:19:12","modified_gmt":"2021-05-19T10:19:12","slug":"kontakt","status":"publish","type":"page","link":"https:\/\/www.demetravillas.com\/de\/kontakt\/","title":{"rendered":"Kontakt"},"content":{"rendered":"\t\t<div data-elementor-type=\"wp-post\" data-elementor-id=\"3176\" class=\"elementor elementor-3176 elementor-704\">\n\t\t\t\t\t\t<section class=\"elementor-section elementor-top-section elementor-element elementor-element-196e0fb elementor-section-stretched elementor-section-boxed elementor-section-height-default elementor-section-height-default\" data-id=\"196e0fb\" data-element_type=\"section\" data-settings=\"{&quot;stretch_section&quot;:&quot;section-stretched&quot;,&quot;background_background&quot;:&quot;classic&quot;}\">\n\t\t\t\t\t\t<div class=\"elementor-container elementor-column-gap-default\">\n\t\t\t\t\t<div class=\"elementor-column elementor-col-100 elementor-top-column elementor-element elementor-element-879a7e3\" data-id=\"879a7e3\" data-element_type=\"column\">\n\t\t\t<div class=\"elementor-widget-wrap elementor-element-populated\">\n\t\t\t\t\t\t<div class=\"elementor-element elementor-element-aeaf406 animated-slow elementor-invisible elementor-widget elementor-widget-hoteller-slider-parallax\" data-id=\"aeaf406\" data-element_type=\"widget\" data-settings=\"{&quot;_animation&quot;:&quot;fadeIn&quot;}\" data-widget_type=\"hoteller-slider-parallax.default\">\n\t\t\t\t<div class=\"elementor-widget-container\">\n\t\t\t\t\t<div class=\"slider_parallax_wrapper\" data-autoplay=\"6000\" data-pagination=\"0\" data-navigation=\"0\">\n\t<div class=\"slider_parallax_inner\">\n\t\t<div class=\"slider_parallax_slides\">\n\t\t\t\t\t\t<div class=\"slide is-active \">\n\t\t          \t<div class=\"slide-content\">\n\t\t            \t<div class=\"caption\">\n\t\t\t\t\t\t\t<div class=\"title\"><h2>Kontakt<\/h2><\/div>\n\t\t\t\t\t\t\t<div class=\"text\">\n\t\t                \t\t\t\t              \t\t<\/div> \n\t\t\t                \t\t            \t<\/div>\n\t\t          \t<\/div>\n\t\t\t\t  \t<div class=\"image-container\"> \n\t\t            \t<img decoding=\"async\" src=\"https:\/\/www.demetravillas.com\/wp-content\/uploads\/2020\/07\/MG_2045-scaled.jpg\" alt=\"\" class=\"image\" \/>\n\t\t          \t<\/div>\n\t\t        <\/div>\n\t\t\t\t<\/div>\n\t\t\t    \t<\/div>\n<\/div>\n\t\t\t\t<\/div>\n\t\t\t\t<\/div>\n\t\t\t\t\t<\/div>\n\t\t<\/div>\n\t\t\t\t\t<\/div>\n\t\t<\/section>\n\t\t\t\t<section class=\"elementor-section elementor-top-section elementor-element elementor-element-7e1b8979 elementor-section-boxed elementor-section-height-default elementor-section-height-default\" data-id=\"7e1b8979\" data-element_type=\"section\">\n\t\t\t\t\t\t<div class=\"elementor-container elementor-column-gap-default\">\n\t\t\t\t\t<div class=\"elementor-column elementor-col-66 elementor-top-column elementor-element elementor-element-5eeb4f2a\" data-id=\"5eeb4f2a\" data-element_type=\"column\">\n\t\t\t<div class=\"elementor-widget-wrap elementor-element-populated\">\n\t\t\t\t\t\t<div class=\"elementor-element elementor-element-bbc9a3e elementor-widget elementor-widget-text-editor\" data-id=\"bbc9a3e\" data-element_type=\"widget\" data-widget_type=\"text-editor.default\">\n\t\t\t\t<div class=\"elementor-widget-container\">\n\t\t\t\t\t\t\t\t\t<p>Demetra befindet sich in einer zentralen Lage zwischen den St\u00e4dten Orvieto, Assisi, Perugia und Todi.<\/p><p>Der Ort Papiano ist sehr leicht \u00fcber die Schnellstra\u00dfe E45 zu erreichen, wenn man in s\u00fcdliche Richtung nach Rom \u2013 Terni f\u00e4hrt. Nehmen Sie die Ausfahrt Casalina in Richtung Papiano; nach ca. 2,5 km befindet sich auf der rechten Seite eine Privatstra\u00dfe, die zur Villa Demetra f\u00fchrt.<\/p>\t\t\t\t\t\t\t\t<\/div>\n\t\t\t\t<\/div>\n\t\t\t\t\t<\/div>\n\t\t<\/div>\n\t\t\t\t<div class=\"elementor-column elementor-col-33 elementor-top-column elementor-element elementor-element-4cf33cd2\" data-id=\"4cf33cd2\" data-element_type=\"column\">\n\t\t\t<div class=\"elementor-widget-wrap elementor-element-populated\">\n\t\t\t\t\t\t<div class=\"elementor-element elementor-element-2cf3b780 elementor-align-right elementor-widget elementor-widget-button\" data-id=\"2cf3b780\" data-element_type=\"widget\" data-widget_type=\"button.default\">\n\t\t\t\t<div class=\"elementor-widget-container\">\n\t\t\t\t\t\t\t\t\t<div class=\"elementor-button-wrapper\">\n\t\t\t\t\t<a class=\"elementor-button elementor-button-link elementor-size-md elementor-animation-grow\" href=\"https:\/\/www.google.it\/maps\/place\/Demetra\/@42.9595539,12.3778687,344m\/data=!3m1!1e3!4m11!1m2!2m1!1sdemetra+casalina+pg!3m7!1s0x0:0xf6b8809770e0b126!5m2!4m1!1i2!8m2!3d42.9600658!4d12.3791885\" target=\"_blank\">\n\t\t\t\t\t\t<span class=\"elementor-button-content-wrapper\">\n\t\t\t\t\t\t<span class=\"elementor-button-icon\">\n\t\t\t\t<i aria-hidden=\"true\" class=\"fas fa-map-marker-alt\"><\/i>\t\t\t<\/span>\n\t\t\t\t\t\t\t\t\t<span class=\"elementor-button-text\">Wegbeschreibung<\/span>\n\t\t\t\t\t<\/span>\n\t\t\t\t\t<\/a>\n\t\t\t\t<\/div>\n\t\t\t\t\t\t\t\t<\/div>\n\t\t\t\t<\/div>\n\t\t\t\t\t<\/div>\n\t\t<\/div>\n\t\t\t\t\t<\/div>\n\t\t<\/section>\n\t\t\t\t<section class=\"elementor-section elementor-top-section elementor-element elementor-element-794e7922 elementor-section-boxed elementor-section-height-default elementor-section-height-default\" data-id=\"794e7922\" data-element_type=\"section\" id=\"modulo\">\n\t\t\t\t\t\t<div class=\"elementor-container elementor-column-gap-wide\">\n\t\t\t\t\t<div class=\"elementor-column elementor-col-66 elementor-top-column elementor-element elementor-element-7622ed48\" data-id=\"7622ed48\" data-element_type=\"column\">\n\t\t\t<div class=\"elementor-widget-wrap elementor-element-populated\">\n\t\t\t\t\t\t<div class=\"elementor-element elementor-element-0aec444 elementor-widget elementor-widget-text-editor\" data-id=\"0aec444\" data-element_type=\"widget\" data-widget_type=\"text-editor.default\">\n\t\t\t\t<div class=\"elementor-widget-container\">\n\t\t\t\t\t\t\t\t\t<div class=\"mappa\" style=\"height: 100%; width: 100%; display: inline-block; overflow: hidden;\">\n\n<iframe style=\"position: relative; top: -55px; border: none;\" src=\"https:\/\/www.google.com\/maps\/d\/embed?mid=1XO-y7Sca85esyIs_-_PQaCAAeVWlqKwJ&amp;z=10\" width=\"100%\" height=\"580\" frameborder=\"0\"><\/iframe>\n\n<\/div>\t\t\t\t\t\t\t\t<\/div>\n\t\t\t\t<\/div>\n\t\t\t\t\t<\/div>\n\t\t<\/div>\n\t\t\t\t<div class=\"elementor-column elementor-col-33 elementor-top-column elementor-element elementor-element-5b877b51\" data-id=\"5b877b51\" data-element_type=\"column\" data-settings=\"{&quot;background_background&quot;:&quot;classic&quot;}\">\n\t\t\t<div class=\"elementor-widget-wrap elementor-element-populated\">\n\t\t\t\t\t\t<div class=\"elementor-element elementor-element-7d85070 elementor-hidden-desktop elementor-hidden-tablet elementor-hidden-phone elementor-widget elementor-widget-text-editor\" data-id=\"7d85070\" data-element_type=\"widget\" data-widget_type=\"text-editor.default\">\n\t\t\t\t<div class=\"elementor-widget-container\">\n\t\t\t\t\t\t\t\t\t<p><strong>Villa Demetra<br \/><\/strong>Vocabolo Cagina 57\/A<br \/>06055 Papiano (PG)<\/p><p>Tel: +39 328 6823231 <br \/>E-mail: info@demetravillas.com<\/p>\t\t\t\t\t\t\t\t<\/div>\n\t\t\t\t<\/div>\n\t\t\t\t<div class=\"elementor-element elementor-element-eab567d elementor-widget elementor-widget-html\" data-id=\"eab567d\" data-element_type=\"widget\" data-widget_type=\"html.default\">\n\t\t\t\t<div class=\"elementor-widget-container\">\n\t\t\t\t\t<div class=\"elementor-element elementor-element-7d85070 elementor-widget elementor-widget-text-editor\" data-id=\"7d85070\" data-element_type=\"widget\" data-widget_type=\"text-editor.default\">\r\n\t\t\t\t<div class=\"elementor-widget-container\">\r\n\t\t\t\t\t<div class=\"elementor-text-editor elementor-clearfix\"><p><strong>Villa Demetra<br><\/strong>Vocabolo Cagina 57\/A<br>06055 Papiano (PG)<\/p><p>Tel:<a href=\"tel:+39 328 6823231\"> +39 328 6823231<\/a> <br>E-mail: <a onclick=\"return gtag_report_conversion_Clic_Email ('mailto:info@demetravillas.com');\"\r\nhref=\"mailto:info@demetravillas.com\">info@demetravillas.com<\/a><\/p><\/div>\r\n\t\t\t\t<\/div>\r\n\t\t\t\t<\/div>\t\t\t\t<\/div>\n\t\t\t\t<\/div>\n\t\t\t\t<div class=\"elementor-element elementor-element-4009fdb9 elementor-widget elementor-widget-text-editor\" data-id=\"4009fdb9\" data-element_type=\"widget\" data-widget_type=\"text-editor.default\">\n\t\t\t\t<div class=\"elementor-widget-container\">\n\t\t\t\t\t\t\t\t\t<p><strong>Folgen Sie uns in den Sozialen Medien<\/strong><\/p>\t\t\t\t\t\t\t\t<\/div>\n\t\t\t\t<\/div>\n\t\t\t\t<div class=\"elementor-element elementor-element-70a60b42 elementor-shape-rounded elementor-grid-0 e-grid-align-center elementor-widget elementor-widget-social-icons\" data-id=\"70a60b42\" data-element_type=\"widget\" data-widget_type=\"social-icons.default\">\n\t\t\t\t<div class=\"elementor-widget-container\">\n\t\t\t\t\t\t\t<div class=\"elementor-social-icons-wrapper elementor-grid\" role=\"list\">\n\t\t\t\t\t\t\t<span class=\"elementor-grid-item\" role=\"listitem\">\n\t\t\t\t\t<a class=\"elementor-icon elementor-social-icon elementor-social-icon-facebook-f elementor-animation-shrink elementor-repeater-item-c19c517\" href=\"https:\/\/www.facebook.com\/Villa-Demetra-100727111901667\" target=\"_blank\">\n\t\t\t\t\t\t<span class=\"elementor-screen-only\">Facebook-f<\/span>\n\t\t\t\t\t\t<i class=\"fab fa-facebook-f\"><\/i>\t\t\t\t\t<\/a>\n\t\t\t\t<\/span>\n\t\t\t\t\t\t\t<span class=\"elementor-grid-item\" role=\"listitem\">\n\t\t\t\t\t<a class=\"elementor-icon elementor-social-icon elementor-social-icon-instagram elementor-animation-shrink elementor-repeater-item-f190fe6\" href=\"https:\/\/www.instagram.com\/demetravillas\/\" target=\"_blank\">\n\t\t\t\t\t\t<span class=\"elementor-screen-only\">Instagram<\/span>\n\t\t\t\t\t\t<i class=\"fab fa-instagram\"><\/i>\t\t\t\t\t<\/a>\n\t\t\t\t<\/span>\n\t\t\t\t\t<\/div>\n\t\t\t\t\t\t<\/div>\n\t\t\t\t<\/div>\n\t\t\t\t\t<\/div>\n\t\t<\/div>\n\t\t\t\t\t<\/div>\n\t\t<\/section>\n\t\t\t\t<section class=\"elementor-section elementor-top-section elementor-element elementor-element-d127d00 elementor-section-boxed elementor-section-height-default elementor-section-height-default\" data-id=\"d127d00\" data-element_type=\"section\" id=\"get_here\">\n\t\t\t\t\t\t<div class=\"elementor-container elementor-column-gap-default\">\n\t\t\t\t\t<div class=\"elementor-column elementor-col-100 elementor-top-column elementor-element elementor-element-6d50b5a\" data-id=\"6d50b5a\" data-element_type=\"column\">\n\t\t\t<div class=\"elementor-widget-wrap elementor-element-populated\">\n\t\t\t\t\t\t<div class=\"elementor-element elementor-element-f6ed1e9 elementor-widget elementor-widget-heading\" data-id=\"f6ed1e9\" data-element_type=\"widget\" data-widget_type=\"heading.default\">\n\t\t\t\t<div class=\"elementor-widget-container\">\n\t\t\t\t\t<h2 class=\"elementor-heading-title elementor-size-default\">Anreise<\/h2>\t\t\t\t<\/div>\n\t\t\t\t<\/div>\n\t\t\t\t\t<\/div>\n\t\t<\/div>\n\t\t\t\t\t<\/div>\n\t\t<\/section>\n\t\t\t\t<section class=\"elementor-section elementor-top-section elementor-element elementor-element-37209f8c elementor-section-boxed elementor-section-height-default elementor-section-height-default\" data-id=\"37209f8c\" data-element_type=\"section\">\n\t\t\t\t\t\t<div class=\"elementor-container elementor-column-gap-wide\">\n\t\t\t\t\t<div class=\"elementor-column elementor-col-33 elementor-top-column elementor-element elementor-element-3d44a44d\" data-id=\"3d44a44d\" data-element_type=\"column\">\n\t\t\t<div class=\"elementor-widget-wrap elementor-element-populated\">\n\t\t\t\t\t\t<div class=\"elementor-element elementor-element-148f9f89 elementor-widget elementor-widget-text-editor\" data-id=\"148f9f89\" data-element_type=\"widget\" data-widget_type=\"text-editor.default\">\n\t\t\t\t<div class=\"elementor-widget-container\">\n\t\t\t\t\t\t\t\t\t<p><strong>Mit dem Auto<\/strong><\/p><p>Villa Demetra liegt etwa f\u00fcnfzig Kilometer von der Anschlussstelle der Autobahn A1 entfernt (Ausfahrt Orte, von Rom kommend; Ausfahrt Bettolle, von Florenz kommend). Sie ist mit der Schnellstra\u00dfe E45 verbunden, Ausfahrt Casalina, Richtung Papiano di Marsciano (PG).<\/p>\t\t\t\t\t\t\t\t<\/div>\n\t\t\t\t<\/div>\n\t\t\t\t\t<\/div>\n\t\t<\/div>\n\t\t\t\t<div class=\"elementor-column elementor-col-33 elementor-top-column elementor-element elementor-element-5651a470\" data-id=\"5651a470\" data-element_type=\"column\">\n\t\t\t<div class=\"elementor-widget-wrap elementor-element-populated\">\n\t\t\t\t\t\t<div class=\"elementor-element elementor-element-5876f74d elementor-widget elementor-widget-text-editor\" data-id=\"5876f74d\" data-element_type=\"widget\" data-widget_type=\"text-editor.default\">\n\t\t\t\t<div class=\"elementor-widget-container\">\n\t\t\t\t\t\t\t\t\t<p><strong>Mit dem Zug<\/strong><\/p>\n<p>Um Villa Demetra zu erreichen, k\u00f6nnen Sie die Bahnlinie San Sepolcro \u2013 Terni nehmen und direkt am Bahnhof Marsciano aussteigen. Informationen und Fahrpl\u00e4ne finden Sie unter <a href=\"http:\/\/www.umbriamobilita.it\" target=\"_blank\" rel=\"noopener\">www.umbriamobilita.it<\/a>.&nbsp;Hauptbahnh\u00f6fe in der Umgebung von Perugia oder Terni.<\/p>\t\t\t\t\t\t\t\t<\/div>\n\t\t\t\t<\/div>\n\t\t\t\t\t<\/div>\n\t\t<\/div>\n\t\t\t\t<div class=\"elementor-column elementor-col-33 elementor-top-column elementor-element elementor-element-c8dc9b8\" data-id=\"c8dc9b8\" data-element_type=\"column\">\n\t\t\t<div class=\"elementor-widget-wrap elementor-element-populated\">\n\t\t\t\t\t\t<div class=\"elementor-element elementor-element-83d0606 elementor-widget elementor-widget-text-editor\" data-id=\"83d0606\" data-element_type=\"widget\" data-widget_type=\"text-editor.default\">\n\t\t\t\t<div class=\"elementor-widget-container\">\n\t\t\t\t\t\t\t\t\t<p><strong>Mit dem Flugzeug<\/strong><\/p><p>Der n\u00e4chstgelegene Flughafen ist der San Francesco d&#8217;Assisi in Perugia. Informationen und Flugpl\u00e4ne finden Sie unter <a href=\"http:\/\/www.airport.umbria.it\" target=\"_blank\" rel=\"noopener\">www.airport.umbria.it<\/a>.<\/p>\t\t\t\t\t\t\t\t<\/div>\n\t\t\t\t<\/div>\n\t\t\t\t\t<\/div>\n\t\t<\/div>\n\t\t\t\t\t<\/div>\n\t\t<\/section>\n\t\t\t\t<\/div>\n\t\t","protected":false},"excerpt":{"rendered":"<p>Kontakt Demetra befindet sich in einer zentralen Lage zwischen den St\u00e4dten Orvieto, Assisi, Perugia und Todi. Der Ort Papiano ist sehr leicht \u00fcber die Schnellstra\u00dfe E45 zu erreichen, wenn man in s\u00fcdliche Richtung nach Rom \u2013 Terni f\u00e4hrt. Nehmen Sie [&hellip;]<\/p>\n","protected":false},"author":1,"featured_media":0,"parent":0,"menu_order":0,"comment_status":"closed","ping_status":"closed","template":"","meta":{"_joinchat":[],"footnotes":""},"class_list":["post-3176","page","type-page","status-publish","hentry"],"yoast_head":"<!-- This site is optimized with the Yoast SEO plugin v25.7 - https:\/\/yoast.com\/wordpress\/plugins\/seo\/ -->\n<title>Kontakt - Villa Demetra<\/title>\n<meta name=\"description\" content=\"Sie k\u00f6nnen Villa Demetra telefonisch unter +39 328 6823231, per E-Mail unter info@demetravillas.com oder durch Ausf\u00fcllen des Formulars kontaktieren\" \/>\n<meta name=\"robots\" content=\"index, follow, max-snippet:-1, max-image-preview:large, max-video-preview:-1\" \/>\n<link rel=\"canonical\" href=\"https:\/\/www.demetravillas.com\/de\/kontakt\/\" \/>\n<meta property=\"og:locale\" content=\"de_DE\" \/>\n<meta property=\"og:type\" content=\"article\" \/>\n<meta property=\"og:title\" content=\"Kontakt - Villa Demetra\" \/>\n<meta property=\"og:description\" content=\"Sie k\u00f6nnen Villa Demetra telefonisch unter +39 328 6823231, per E-Mail unter info@demetravillas.com oder durch Ausf\u00fcllen des Formulars kontaktieren\" \/>\n<meta property=\"og:url\" content=\"https:\/\/www.demetravillas.com\/de\/kontakt\/\" \/>\n<meta property=\"og:site_name\" content=\"Villa Demetra\" \/>\n<meta property=\"article:modified_time\" content=\"2021-05-19T10:19:12+00:00\" \/>\n<meta property=\"og:image\" content=\"https:\/\/www.demetravillas.com\/wp-content\/uploads\/2020\/07\/MG_2045-scaled.jpg\" \/>\n<meta name=\"twitter:card\" content=\"summary_large_image\" \/>\n<meta name=\"twitter:label1\" content=\"Gesch\u00e4tzte Lesezeit\" \/>\n\t<meta name=\"twitter:data1\" content=\"1\u00a0Minute\" \/>\n<script type=\"application\/ld+json\" class=\"yoast-schema-graph\">{\"@context\":\"https:\/\/schema.org\",\"@graph\":[{\"@type\":\"WebPage\",\"@id\":\"https:\/\/www.demetravillas.com\/de\/kontakt\/\",\"url\":\"https:\/\/www.demetravillas.com\/de\/kontakt\/\",\"name\":\"Kontakt - Villa Demetra\",\"isPartOf\":{\"@id\":\"https:\/\/www.demetravillas.com\/de\/#website\"},\"primaryImageOfPage\":{\"@id\":\"https:\/\/www.demetravillas.com\/de\/kontakt\/#primaryimage\"},\"image\":{\"@id\":\"https:\/\/www.demetravillas.com\/de\/kontakt\/#primaryimage\"},\"thumbnailUrl\":\"https:\/\/www.demetravillas.com\/wp-content\/uploads\/2020\/07\/MG_2045-scaled.jpg\",\"datePublished\":\"2019-07-01T07:47:10+00:00\",\"dateModified\":\"2021-05-19T10:19:12+00:00\",\"description\":\"Sie k\u00f6nnen Villa Demetra telefonisch unter +39 328 6823231, per E-Mail unter info@demetravillas.com oder durch Ausf\u00fcllen des Formulars kontaktieren\",\"breadcrumb\":{\"@id\":\"https:\/\/www.demetravillas.com\/de\/kontakt\/#breadcrumb\"},\"inLanguage\":\"de\",\"potentialAction\":[{\"@type\":\"ReadAction\",\"target\":[\"https:\/\/www.demetravillas.com\/de\/kontakt\/\"]}]},{\"@type\":\"ImageObject\",\"inLanguage\":\"de\",\"@id\":\"https:\/\/www.demetravillas.com\/de\/kontakt\/#primaryimage\",\"url\":\"https:\/\/www.demetravillas.com\/wp-content\/uploads\/2020\/07\/MG_2045-scaled.jpg\",\"contentUrl\":\"https:\/\/www.demetravillas.com\/wp-content\/uploads\/2020\/07\/MG_2045-scaled.jpg\"},{\"@type\":\"BreadcrumbList\",\"@id\":\"https:\/\/www.demetravillas.com\/de\/kontakt\/#breadcrumb\",\"itemListElement\":[{\"@type\":\"ListItem\",\"position\":1,\"name\":\"Home\",\"item\":\"https:\/\/www.demetravillas.com\/de\/\"},{\"@type\":\"ListItem\",\"position\":2,\"name\":\"Kontakt\"}]},{\"@type\":\"WebSite\",\"@id\":\"https:\/\/www.demetravillas.com\/de\/#website\",\"url\":\"https:\/\/www.demetravillas.com\/de\/\",\"name\":\"Villa Demetra\",\"description\":\"\",\"publisher\":{\"@id\":\"https:\/\/www.demetravillas.com\/de\/#organization\"},\"potentialAction\":[{\"@type\":\"SearchAction\",\"target\":{\"@type\":\"EntryPoint\",\"urlTemplate\":\"https:\/\/www.demetravillas.com\/de\/?s={search_term_string}\"},\"query-input\":{\"@type\":\"PropertyValueSpecification\",\"valueRequired\":true,\"valueName\":\"search_term_string\"}}],\"inLanguage\":\"de\"},{\"@type\":\"Organization\",\"@id\":\"https:\/\/www.demetravillas.com\/de\/#organization\",\"name\":\"Villa Demetra\",\"url\":\"https:\/\/www.demetravillas.com\/de\/\",\"logo\":{\"@type\":\"ImageObject\",\"inLanguage\":\"de\",\"@id\":\"https:\/\/www.demetravillas.com\/de\/#\/schema\/logo\/image\/\",\"url\":\"https:\/\/www.demetravillas.com\/wp-content\/uploads\/2020\/07\/Demetra_5COLORI.png\",\"contentUrl\":\"https:\/\/www.demetravillas.com\/wp-content\/uploads\/2020\/07\/Demetra_5COLORI.png\",\"width\":350,\"height\":66,\"caption\":\"Villa Demetra\"},\"image\":{\"@id\":\"https:\/\/www.demetravillas.com\/de\/#\/schema\/logo\/image\/\"}}]}<\/script>\n<!-- \/ Yoast SEO plugin. -->","yoast_head_json":{"title":"Kontakt - Villa Demetra","description":"Sie k\u00f6nnen Villa Demetra telefonisch unter +39 328 6823231, per E-Mail unter info@demetravillas.com oder durch Ausf\u00fcllen des Formulars kontaktieren","robots":{"index":"index","follow":"follow","max-snippet":"max-snippet:-1","max-image-preview":"max-image-preview:large","max-video-preview":"max-video-preview:-1"},"canonical":"https:\/\/www.demetravillas.com\/de\/kontakt\/","og_locale":"de_DE","og_type":"article","og_title":"Kontakt - Villa Demetra","og_description":"Sie k\u00f6nnen Villa Demetra telefonisch unter +39 328 6823231, per E-Mail unter info@demetravillas.com oder durch Ausf\u00fcllen des Formulars kontaktieren","og_url":"https:\/\/www.demetravillas.com\/de\/kontakt\/","og_site_name":"Villa Demetra","article_modified_time":"2021-05-19T10:19:12+00:00","og_image":[{"url":"https:\/\/www.demetravillas.com\/wp-content\/uploads\/2020\/07\/MG_2045-scaled.jpg","type":"","width":"","height":""}],"twitter_card":"summary_large_image","twitter_misc":{"Gesch\u00e4tzte Lesezeit":"1\u00a0Minute"},"schema":{"@context":"https:\/\/schema.org","@graph":[{"@type":"WebPage","@id":"https:\/\/www.demetravillas.com\/de\/kontakt\/","url":"https:\/\/www.demetravillas.com\/de\/kontakt\/","name":"Kontakt - Villa Demetra","isPartOf":{"@id":"https:\/\/www.demetravillas.com\/de\/#website"},"primaryImageOfPage":{"@id":"https:\/\/www.demetravillas.com\/de\/kontakt\/#primaryimage"},"image":{"@id":"https:\/\/www.demetravillas.com\/de\/kontakt\/#primaryimage"},"thumbnailUrl":"https:\/\/www.demetravillas.com\/wp-content\/uploads\/2020\/07\/MG_2045-scaled.jpg","datePublished":"2019-07-01T07:47:10+00:00","dateModified":"2021-05-19T10:19:12+00:00","description":"Sie k\u00f6nnen Villa Demetra telefonisch unter +39 328 6823231, per E-Mail unter info@demetravillas.com oder durch Ausf\u00fcllen des Formulars kontaktieren","breadcrumb":{"@id":"https:\/\/www.demetravillas.com\/de\/kontakt\/#breadcrumb"},"inLanguage":"de","potentialAction":[{"@type":"ReadAction","target":["https:\/\/www.demetravillas.com\/de\/kontakt\/"]}]},{"@type":"ImageObject","inLanguage":"de","@id":"https:\/\/www.demetravillas.com\/de\/kontakt\/#primaryimage","url":"https:\/\/www.demetravillas.com\/wp-content\/uploads\/2020\/07\/MG_2045-scaled.jpg","contentUrl":"https:\/\/www.demetravillas.com\/wp-content\/uploads\/2020\/07\/MG_2045-scaled.jpg"},{"@type":"BreadcrumbList","@id":"https:\/\/www.demetravillas.com\/de\/kontakt\/#breadcrumb","itemListElement":[{"@type":"ListItem","position":1,"name":"Home","item":"https:\/\/www.demetravillas.com\/de\/"},{"@type":"ListItem","position":2,"name":"Kontakt"}]},{"@type":"WebSite","@id":"https:\/\/www.demetravillas.com\/de\/#website","url":"https:\/\/www.demetravillas.com\/de\/","name":"Villa Demetra","description":"","publisher":{"@id":"https:\/\/www.demetravillas.com\/de\/#organization"},"potentialAction":[{"@type":"SearchAction","target":{"@type":"EntryPoint","urlTemplate":"https:\/\/www.demetravillas.com\/de\/?s={search_term_string}"},"query-input":{"@type":"PropertyValueSpecification","valueRequired":true,"valueName":"search_term_string"}}],"inLanguage":"de"},{"@type":"Organization","@id":"https:\/\/www.demetravillas.com\/de\/#organization","name":"Villa Demetra","url":"https:\/\/www.demetravillas.com\/de\/","logo":{"@type":"ImageObject","inLanguage":"de","@id":"https:\/\/www.demetravillas.com\/de\/#\/schema\/logo\/image\/","url":"https:\/\/www.demetravillas.com\/wp-content\/uploads\/2020\/07\/Demetra_5COLORI.png","contentUrl":"https:\/\/www.demetravillas.com\/wp-content\/uploads\/2020\/07\/Demetra_5COLORI.png","width":350,"height":66,"caption":"Villa Demetra"},"image":{"@id":"https:\/\/www.demetravillas.com\/de\/#\/schema\/logo\/image\/"}}]}},"_links":{"self":[{"href":"https:\/\/www.demetravillas.com\/de\/wp-json\/wp\/v2\/pages\/3176","targetHints":{"allow":["GET"]}}],"collection":[{"href":"https:\/\/www.demetravillas.com\/de\/wp-json\/wp\/v2\/pages"}],"about":[{"href":"https:\/\/www.demetravillas.com\/de\/wp-json\/wp\/v2\/types\/page"}],"author":[{"embeddable":true,"href":"https:\/\/www.demetravillas.com\/de\/wp-json\/wp\/v2\/users\/1"}],"replies":[{"embeddable":true,"href":"https:\/\/www.demetravillas.com\/de\/wp-json\/wp\/v2\/comments?post=3176"}],"version-history":[{"count":3,"href":"https:\/\/www.demetravillas.com\/de\/wp-json\/wp\/v2\/pages\/3176\/revisions"}],"predecessor-version":[{"id":3330,"href":"https:\/\/www.demetravillas.com\/de\/wp-json\/wp\/v2\/pages\/3176\/revisions\/3330"}],"wp:attachment":[{"href":"https:\/\/www.demetravillas.com\/de\/wp-json\/wp\/v2\/media?parent=3176"}],"curies":[{"name":"wp","href":"https:\/\/api.w.org\/{rel}","templated":true}]}}